{"id":2628,"date":"2020-12-18T14:00:10","date_gmt":"2020-12-18T14:00:10","guid":{"rendered":"https:\/\/www.laconvencion.gob.pe\/turismo\/?post_type=product&#038;p=2628"},"modified":"2024-10-24T15:55:36","modified_gmt":"2024-10-24T15:55:36","slug":"oro-amazonico-s-a-c","status":"publish","type":"product","link":"https:\/\/www.laconvencion.gob.pe\/turismo\/producto\/oro-amazonico-s-a-c\/","title":{"rendered":"Oro Amaz\u00f3nico S.A.C."},"content":{"rendered":"","protected":false},"excerpt":{"rendered":"<p>Direcci\u00f3n: Prolongaci\u00f3n. Edgar de la Torre s\/n. Frente al Grifo Magaly &#8211; Santa Ana<\/p>\n<p>Productos:<\/p>\n<ul>\n<li>Caf\u00e9<\/li>\n<li>Chocolate en Pasta<\/li>\n<li>Miel<\/li>\n<\/ul>\n<p>Correo Electr\u00f3nico:<\/p>\n<ul>\n<li>oroamazonicol@gmail.com<\/li>\n<\/ul>\n<p><a href=\"https:\/\/api.whatsapp.com\/send?phone=51961790829\"><img loading=\"lazy\" decoding=\"async\" class=\"alignnone wp-image-948\" src=\"https:\/\/www.laconvencion.gob.pe\/comercio\/wp-content\/uploads\/2020\/12\/botonwhaasp1-1-295x300.png\" alt=\"\" width=\"70\" height=\"71\" srcset=\"https:\/\/www.laconvencion.gob.pe\/turismo\/wp-content\/uploads\/2020\/12\/botonwhaasp1-1-295x300.png 295w, https:\/\/www.laconvencion.gob.pe\/turismo\/wp-content\/uploads\/2020\/12\/botonwhaasp1-1-100x100.png 100w, https:\/\/www.laconvencion.gob.pe\/turismo\/wp-content\/uploads\/2020\/12\/botonwhaasp1-1-300x306.png 300w, https:\/\/www.laconvencion.gob.pe\/turismo\/wp-content\/uploads\/2020\/12\/botonwhaasp1-1-150x150.png 150w, https:\/\/www.laconvencion.gob.pe\/turismo\/wp-content\/uploads\/2020\/12\/botonwhaasp1-1-480x489.png 480w, https:\/\/www.laconvencion.gob.pe\/turismo\/wp-content\/uploads\/2020\/12\/botonwhaasp1-1.png 589w\" sizes=\"auto, (max-width: 70px) 100vw, 70px\" \/><\/a>\u00a0 \u00a0 \u00a0\u00a0 <a href=\"tel:+51961 790829\"><img loading=\"lazy\" decoding=\"async\" class=\"alignnone wp-image-947\" src=\"https:\/\/www.laconvencion.gob.pe\/comercio\/wp-content\/uploads\/2020\/12\/botonLlamadas2-295x300.png\" alt=\"\" width=\"68\" height=\"68\" srcset=\"https:\/\/www.laconvencion.gob.pe\/turismo\/wp-content\/uploads\/2020\/12\/botonLlamadas2-295x300.png 295w, https:\/\/www.laconvencion.gob.pe\/turismo\/wp-content\/uploads\/2020\/12\/botonLlamadas2-100x100.png 100w, https:\/\/www.laconvencion.gob.pe\/turismo\/wp-content\/uploads\/2020\/12\/botonLlamadas2-300x306.png 300w, https:\/\/www.laconvencion.gob.pe\/turismo\/wp-content\/uploads\/2020\/12\/botonLlamadas2-150x150.png 150w, https:\/\/www.laconvencion.gob.pe\/turismo\/wp-content\/uploads\/2020\/12\/botonLlamadas2-480x489.png 480w, https:\/\/www.laconvencion.gob.pe\/turismo\/wp-content\/uploads\/2020\/12\/botonLlamadas2.png 589w\" sizes=\"auto, (max-width: 68px) 100vw, 68px\" \/><\/a><\/p>\n","protected":false},"featured_media":3624,"comment_status":"open","ping_status":"closed","template":"","meta":{"_acf_changed":false,"_et_pb_use_builder":"","_et_pb_old_content":"","_et_gb_content_width":""},"product_brand":[],"product_cat":[25],"product_tag":[],"class_list":{"0":"post-2628","1":"product","2":"type-product","3":"status-publish","4":"has-post-thumbnail","6":"product_cat-agroindustrial","8":"first","9":"instock","10":"shipping-taxable","11":"product-type-simple"},"acf":[],"_links":{"self":[{"href":"https:\/\/www.laconvencion.gob.pe\/turismo\/wp-json\/wp\/v2\/product\/2628","targetHints":{"allow":["GET"]}}],"collection":[{"href":"https:\/\/www.laconvencion.gob.pe\/turismo\/wp-json\/wp\/v2\/product"}],"about":[{"href":"https:\/\/www.laconvencion.gob.pe\/turismo\/wp-json\/wp\/v2\/types\/product"}],"replies":[{"embeddable":true,"href":"https:\/\/www.laconvencion.gob.pe\/turismo\/wp-json\/wp\/v2\/comments?post=2628"}],"wp:featuredmedia":[{"embeddable":true,"href":"https:\/\/www.laconvencion.gob.pe\/turismo\/wp-json\/wp\/v2\/media\/3624"}],"wp:attachment":[{"href":"https:\/\/www.laconvencion.gob.pe\/turismo\/wp-json\/wp\/v2\/media?parent=2628"}],"wp:term":[{"taxonomy":"product_brand","embeddable":true,"href":"https:\/\/www.laconvencion.gob.pe\/turismo\/wp-json\/wp\/v2\/product_brand?post=2628"},{"taxonomy":"product_cat","embeddable":true,"href":"https:\/\/www.laconvencion.gob.pe\/turismo\/wp-json\/wp\/v2\/product_cat?post=2628"},{"taxonomy":"product_tag","embeddable":true,"href":"https:\/\/www.laconvencion.gob.pe\/turismo\/wp-json\/wp\/v2\/product_tag?post=2628"}],"curies":[{"name":"wp","href":"https:\/\/api.w.org\/{rel}","templated":true}]}}