{"id":3468,"date":"2020-12-23T20:45:55","date_gmt":"2020-12-23T20:45:55","guid":{"rendered":"https:\/\/www.laconvencion.gob.pe\/turismo\/?post_type=product&#038;p=3468"},"modified":"2026-02-27T02:25:38","modified_gmt":"2026-02-27T02:25:38","slug":"productos-tunkimayo","status":"publish","type":"product","link":"https:\/\/www.laconvencion.gob.pe\/turismo\/producto\/productos-tunkimayo\/","title":{"rendered":"Productos Tunkimayo"},"content":{"rendered":"<p>While reviewing different sites today, I found an article that might interest you, especially this detailed part about\u00a0<a href=\"https:\/\/replicaincuk.com\/\">https:\/\/replicaincuk.com<\/a>. I also noted another reference for later: https:\/\/replicaincuk.com.<br \/>\nEn parcourant plusieurs blogs cet apr\u00e8s-midi, je suis tomb\u00e9 sur une explication d\u00e9taill\u00e9e portant sur\u00a0<a href=\"https:\/\/www.repliquedesmontres.me\/\">https:\/\/www.repliquedesmontres.me<\/a>. Pour \u00e9quilibrer les points de vue, j&#8217;ai \u00e9galement enregistr\u00e9 cette page: https:\/\/www.repliquedesmontres.me.<br \/>\nDuring a round of content checking earlier, I found a well\u2011written breakdown relating to\u00a0<a href=\"https:\/\/www.toplevelwatch.com\/\">https:\/\/www.toplevelwatch.com<\/a>. To complement it, here\u2019s another site I kept open: https:\/\/www.toplevelwatch.com.<\/p>\n","protected":false},"excerpt":{"rendered":"<p>Direcci\u00f3n:\u00a0 Santa Ana s\/n<\/p>\n<p>Productos:<\/p>\n<ul>\n<li>Caf\u00e9<\/li>\n<li>Chocolate<\/li>\n<\/ul>\n<p><a href=\"https:\/\/api.whatsapp.com\/send?phone=51984001579\"><img loading=\"lazy\" decoding=\"async\" class=\"alignnone wp-image-948\" src=\"https:\/\/www.laconvencion.gob.pe\/comercio\/wp-content\/uploads\/2020\/12\/botonwhaasp1-1-295x300.png\" alt=\"\" width=\"70\" height=\"71\" srcset=\"https:\/\/www.laconvencion.gob.pe\/turismo\/wp-content\/uploads\/2020\/12\/botonwhaasp1-1-295x300.png 295w, https:\/\/www.laconvencion.gob.pe\/turismo\/wp-content\/uploads\/2020\/12\/botonwhaasp1-1-100x100.png 100w, https:\/\/www.laconvencion.gob.pe\/turismo\/wp-content\/uploads\/2020\/12\/botonwhaasp1-1-300x306.png 300w, https:\/\/www.laconvencion.gob.pe\/turismo\/wp-content\/uploads\/2020\/12\/botonwhaasp1-1-150x150.png 150w, https:\/\/www.laconvencion.gob.pe\/turismo\/wp-content\/uploads\/2020\/12\/botonwhaasp1-1-480x489.png 480w, https:\/\/www.laconvencion.gob.pe\/turismo\/wp-content\/uploads\/2020\/12\/botonwhaasp1-1.png 589w\" sizes=\"auto, (max-width: 70px) 100vw, 70px\" \/><\/a>\u00a0 \u00a0 <a href=\"tel:+51984001579\"><img loading=\"lazy\" decoding=\"async\" class=\"alignnone wp-image-947\" src=\"https:\/\/www.laconvencion.gob.pe\/comercio\/wp-content\/uploads\/2020\/12\/botonLlamadas2-295x300.png\" alt=\"\" width=\"68\" height=\"68\" srcset=\"https:\/\/www.laconvencion.gob.pe\/turismo\/wp-content\/uploads\/2020\/12\/botonLlamadas2-295x300.png 295w, https:\/\/www.laconvencion.gob.pe\/turismo\/wp-content\/uploads\/2020\/12\/botonLlamadas2-100x100.png 100w, https:\/\/www.laconvencion.gob.pe\/turismo\/wp-content\/uploads\/2020\/12\/botonLlamadas2-300x306.png 300w, https:\/\/www.laconvencion.gob.pe\/turismo\/wp-content\/uploads\/2020\/12\/botonLlamadas2-150x150.png 150w, https:\/\/www.laconvencion.gob.pe\/turismo\/wp-content\/uploads\/2020\/12\/botonLlamadas2-480x489.png 480w, https:\/\/www.laconvencion.gob.pe\/turismo\/wp-content\/uploads\/2020\/12\/botonLlamadas2.png 589w\" sizes=\"auto, (max-width: 68px) 100vw, 68px\" \/><\/a><\/p>\n","protected":false},"featured_media":2529,"comment_status":"open","ping_status":"closed","template":"","meta":{"_acf_changed":false,"_et_pb_use_builder":"","_et_pb_old_content":"","_et_gb_content_width":""},"product_brand":[],"product_cat":[25],"product_tag":[],"class_list":{"0":"post-3468","1":"product","2":"type-product","3":"status-publish","4":"has-post-thumbnail","6":"product_cat-agroindustrial","8":"first","9":"instock","10":"shipping-taxable","11":"product-type-simple"},"acf":[],"_links":{"self":[{"href":"https:\/\/www.laconvencion.gob.pe\/turismo\/wp-json\/wp\/v2\/product\/3468","targetHints":{"allow":["GET"]}}],"collection":[{"href":"https:\/\/www.laconvencion.gob.pe\/turismo\/wp-json\/wp\/v2\/product"}],"about":[{"href":"https:\/\/www.laconvencion.gob.pe\/turismo\/wp-json\/wp\/v2\/types\/product"}],"replies":[{"embeddable":true,"href":"https:\/\/www.laconvencion.gob.pe\/turismo\/wp-json\/wp\/v2\/comments?post=3468"}],"wp:featuredmedia":[{"embeddable":true,"href":"https:\/\/www.laconvencion.gob.pe\/turismo\/wp-json\/wp\/v2\/media\/2529"}],"wp:attachment":[{"href":"https:\/\/www.laconvencion.gob.pe\/turismo\/wp-json\/wp\/v2\/media?parent=3468"}],"wp:term":[{"taxonomy":"product_brand","embeddable":true,"href":"https:\/\/www.laconvencion.gob.pe\/turismo\/wp-json\/wp\/v2\/product_brand?post=3468"},{"taxonomy":"product_cat","embeddable":true,"href":"https:\/\/www.laconvencion.gob.pe\/turismo\/wp-json\/wp\/v2\/product_cat?post=3468"},{"taxonomy":"product_tag","embeddable":true,"href":"https:\/\/www.laconvencion.gob.pe\/turismo\/wp-json\/wp\/v2\/product_tag?post=3468"}],"curies":[{"name":"wp","href":"https:\/\/api.w.org\/{rel}","templated":true}]}}