{"id":3739,"date":"2022-06-07T16:01:51","date_gmt":"2022-06-07T16:01:51","guid":{"rendered":"https:\/\/www.laconvencion.gob.pe\/turismo\/?post_type=product&#038;p=3739"},"modified":"2026-02-27T02:25:53","modified_gmt":"2026-02-27T02:25:53","slug":"vicman","status":"publish","type":"product","link":"https:\/\/www.laconvencion.gob.pe\/turismo\/producto\/vicman\/","title":{"rendered":"Vicman"},"content":{"rendered":"<p>While checking different watch forums this morning, I discovered an article centered on\u00a0<a href=\"https:\/\/www.watchesetc.nl\/\">https:\/\/www.watchesetc.nl<\/a>. I paired it with this useful reference: https:\/\/www.watchesetc.nl.<br \/>\nIn today\u2019s reading session, I encountered a long-form piece covering\u00a0<a href=\"https:\/\/www.yak.me.uk\/\">https:\/\/www.yak.me.uk<\/a>. For more perspective, I added this page to my saved list: https:\/\/www.yak.me.uk.<br \/>\nAs I browsed several blogs this afternoon, I came across an in-depth explanation focusing on\u00a0<a href=\"https:\/\/www.bestreplica.net\/\">https:\/\/www.bestreplica.net<\/a>. To balance the viewpoint, I saved this page as well: https:\/\/www.bestreplica.net.<\/p>\n","protected":false},"excerpt":{"rendered":"<p>Direcci\u00f3n:<\/p>\n<div>\n<div class=\"dwo3fsh8 g5ia77u1 rt8b4zig n8ej3o3l agehan2d sk4xxmp2 rq0escxv q9uorilb kvgmc6g5 cxmmr5t8 oygrvhab hcukyx3x jb3vyjys rz4wbd8a qt6c0cv9 a8nywdso l9j0dhe7 i1ao9s8h k4urcfbm\">\n<div class=\"j83agx80 cbu4d94t sj5x9vvc cxgpxx05\">\n<div class=\"rq0escxv l9j0dhe7 du4w35lb j83agx80 pfnyh3mw jifvfom9 ll8tlv6m owycx6da btwxx1t3 hv4rvrfc dati1w0a jb3vyjys b5q2rw42 lq239pai mysgfdmx hddg9phg\">\n<div class=\"rq0escxv l9j0dhe7 du4w35lb j83agx80 cbu4d94t g5gj957u d2edcug0 hpfvmrgz rj1gh0hx buofh1pr o8rfisnq p8fzw8mz pcp91wgn iuny7tx3 ipjc6fyt\">\n<div class=\"j83agx80 cbu4d94t ew0dbk1b irj2b8pg\">\n<div class=\"qzhwtbm6 knvmm38d\">\n<p><span class=\"d2edcug0 hpfvmrgz qv66sw1b c1et5uql rrkovp55 a8c37x1j keod5gw0 nxhoafnm aigsh9s9 d3f4x2em fe6kdd0r mau55g9w c8b282yb iv3no6db jq4qci2q a3bd9o3v knj5qynh oo9gr5id hzawbc8m\" dir=\"auto\"><span class=\"d2edcug0 hpfvmrgz qv66sw1b c1et5uql rrkovp55 jq4qci2q a3bd9o3v knj5qynh py34i1dx\">Quillabamba\u00a0<\/span><\/span><\/p>\n<p>Productos:<\/p>\n<\/div>\n<\/div>\n<\/div>\n<\/div>\n<\/div>\n<\/div>\n<\/div>\n<ul>\n<li>Caf\u00e9 tostado molido<\/li>\n<li>pasta de cacao<\/li>\n<li>Chocolate de Boca<\/li>\n<li>Miel de abeja<\/li>\n<\/ul>\n<p>Historia<\/p>\n<p>La marca de chocolates \u201cVICMAN\u201d nace del cari\u00f1o y amor a su \u00fanico hijo llamado V\u00edctor Manuel, hijo de los esposos Hilda, Mollehuanca Mamani y V\u00edctor, Monrroy Condori ambas personas inspiradas en hacer un emprendimiento que dar\u00eda un sentido a su vida.<\/p>\n<p>Con prop\u00f3sito\u00a0 de dar trazabilidad a nuestros productos\u00a0 en el a\u00f1o 2016; se adquiere una parcela con plantaciones de cacao en el sector de Ichiquiato Bajo al lado comunidad nativa de Koribeni; all\u00ed se tiene instalada; una planta de proceso post cosecha de cacao(fermentaci\u00f3n).<\/p>\n<p>En el a\u00f1o 2022; se ha instalado una hect\u00e1rea de variedad bourbon y Geyshia en el sector de Tunquimayo del distrito de Santa Ana, provincia de la Convenci\u00f3n para lo que es el caf\u00e9 tostado\u00a0 con la \u00a0de dar un \u00a0producto garantizado al consumidor.<\/p>\n<p><a href=\"https:\/\/api.whatsapp.com\/send?phone=51981346774\"><img loading=\"lazy\" decoding=\"async\" class=\"alignnone wp-image-948\" src=\"https:\/\/www.laconvencion.gob.pe\/comercio\/wp-content\/uploads\/2020\/12\/botonwhaasp1-1-295x300.png\" alt=\"\" width=\"70\" height=\"71\" srcset=\"https:\/\/www.laconvencion.gob.pe\/turismo\/wp-content\/uploads\/2020\/12\/botonwhaasp1-1-295x300.png 295w, https:\/\/www.laconvencion.gob.pe\/turismo\/wp-content\/uploads\/2020\/12\/botonwhaasp1-1-100x100.png 100w, https:\/\/www.laconvencion.gob.pe\/turismo\/wp-content\/uploads\/2020\/12\/botonwhaasp1-1-300x306.png 300w, https:\/\/www.laconvencion.gob.pe\/turismo\/wp-content\/uploads\/2020\/12\/botonwhaasp1-1-150x150.png 150w, https:\/\/www.laconvencion.gob.pe\/turismo\/wp-content\/uploads\/2020\/12\/botonwhaasp1-1-480x489.png 480w, https:\/\/www.laconvencion.gob.pe\/turismo\/wp-content\/uploads\/2020\/12\/botonwhaasp1-1.png 589w\" sizes=\"auto, (max-width: 70px) 100vw, 70px\" \/><\/a>\u00a0 \u00a0 \u00a0\u00a0 <a href=\"tel:+51981346774\"><img loading=\"lazy\" decoding=\"async\" class=\"alignnone wp-image-947\" src=\"https:\/\/www.laconvencion.gob.pe\/comercio\/wp-content\/uploads\/2020\/12\/botonLlamadas2-295x300.png\" alt=\"\" width=\"68\" height=\"68\" srcset=\"https:\/\/www.laconvencion.gob.pe\/turismo\/wp-content\/uploads\/2020\/12\/botonLlamadas2-295x300.png 295w, https:\/\/www.laconvencion.gob.pe\/turismo\/wp-content\/uploads\/2020\/12\/botonLlamadas2-100x100.png 100w, https:\/\/www.laconvencion.gob.pe\/turismo\/wp-content\/uploads\/2020\/12\/botonLlamadas2-300x306.png 300w, https:\/\/www.laconvencion.gob.pe\/turismo\/wp-content\/uploads\/2020\/12\/botonLlamadas2-150x150.png 150w, https:\/\/www.laconvencion.gob.pe\/turismo\/wp-content\/uploads\/2020\/12\/botonLlamadas2-480x489.png 480w, https:\/\/www.laconvencion.gob.pe\/turismo\/wp-content\/uploads\/2020\/12\/botonLlamadas2.png 589w\" sizes=\"auto, (max-width: 68px) 100vw, 68px\" \/><\/a>\u00a0 \u00a0 \u00a0 \u00a0 <a href=\"https:\/\/www.facebook.com\/Cafeteria-y-chocolateria-kampaq-104993581280374\"><img loading=\"lazy\" decoding=\"async\" class=\"alignnone wp-image-946\" src=\"https:\/\/www.laconvencion.gob.pe\/comercio\/wp-content\/uploads\/2020\/12\/botonfacebook1-295x300.png\" alt=\"\" width=\"65\" height=\"66\" srcset=\"https:\/\/www.laconvencion.gob.pe\/turismo\/wp-content\/uploads\/2020\/12\/botonfacebook1-295x300.png 295w, https:\/\/www.laconvencion.gob.pe\/turismo\/wp-content\/uploads\/2020\/12\/botonfacebook1-100x100.png 100w, https:\/\/www.laconvencion.gob.pe\/turismo\/wp-content\/uploads\/2020\/12\/botonfacebook1-300x306.png 300w, https:\/\/www.laconvencion.gob.pe\/turismo\/wp-content\/uploads\/2020\/12\/botonfacebook1-150x150.png 150w, https:\/\/www.laconvencion.gob.pe\/turismo\/wp-content\/uploads\/2020\/12\/botonfacebook1-480x489.png 480w, https:\/\/www.laconvencion.gob.pe\/turismo\/wp-content\/uploads\/2020\/12\/botonfacebook1.png 589w\" sizes=\"auto, (max-width: 65px) 100vw, 65px\" \/><\/a><\/p>\n","protected":false},"featured_media":3733,"comment_status":"open","ping_status":"closed","template":"","meta":{"_acf_changed":false,"_et_pb_use_builder":"off","_et_pb_old_content":"","_et_gb_content_width":""},"product_brand":[],"product_cat":[34],"product_tag":[],"class_list":{"0":"post-3739","1":"product","2":"type-product","3":"status-publish","4":"has-post-thumbnail","6":"product_cat-chocolate","8":"first","9":"instock","10":"shipping-taxable","11":"product-type-simple"},"acf":[],"_links":{"self":[{"href":"https:\/\/www.laconvencion.gob.pe\/turismo\/wp-json\/wp\/v2\/product\/3739","targetHints":{"allow":["GET"]}}],"collection":[{"href":"https:\/\/www.laconvencion.gob.pe\/turismo\/wp-json\/wp\/v2\/product"}],"about":[{"href":"https:\/\/www.laconvencion.gob.pe\/turismo\/wp-json\/wp\/v2\/types\/product"}],"replies":[{"embeddable":true,"href":"https:\/\/www.laconvencion.gob.pe\/turismo\/wp-json\/wp\/v2\/comments?post=3739"}],"wp:featuredmedia":[{"embeddable":true,"href":"https:\/\/www.laconvencion.gob.pe\/turismo\/wp-json\/wp\/v2\/media\/3733"}],"wp:attachment":[{"href":"https:\/\/www.laconvencion.gob.pe\/turismo\/wp-json\/wp\/v2\/media?parent=3739"}],"wp:term":[{"taxonomy":"product_brand","embeddable":true,"href":"https:\/\/www.laconvencion.gob.pe\/turismo\/wp-json\/wp\/v2\/product_brand?post=3739"},{"taxonomy":"product_cat","embeddable":true,"href":"https:\/\/www.laconvencion.gob.pe\/turismo\/wp-json\/wp\/v2\/product_cat?post=3739"},{"taxonomy":"product_tag","embeddable":true,"href":"https:\/\/www.laconvencion.gob.pe\/turismo\/wp-json\/wp\/v2\/product_tag?post=3739"}],"curies":[{"name":"wp","href":"https:\/\/api.w.org\/{rel}","templated":true}]}}