{"id":3875,"date":"2022-08-10T13:57:53","date_gmt":"2022-08-10T13:57:53","guid":{"rendered":"https:\/\/www.laconvencion.gob.pe\/turismo\/?post_type=product&#038;p=3875"},"modified":"2022-08-10T14:17:33","modified_gmt":"2022-08-10T14:17:33","slug":"san-cristobal","status":"publish","type":"product","link":"https:\/\/www.laconvencion.gob.pe\/turismo\/producto\/san-cristobal\/","title":{"rendered":"San Cristobal"},"content":{"rendered":"<p>[et_pb_section fb_built=\u00bb1&#8243; _builder_version=\u00bb3.22&#8243; custom_padding=\u00bb0px||||false|false\u00bb][et_pb_row _builder_version=\u00bb3.25&#8243; background_size=\u00bbinitial\u00bb background_position=\u00bbtop_left\u00bb background_repeat=\u00bbrepeat\u00bb width=\u00bb100%\u00bb custom_padding=\u00bb0px||0px||false|false\u00bb][et_pb_column type=\u00bb4_4&#8243; _builder_version=\u00bb3.25&#8243; custom_padding=\u00bb|||\u00bb custom_padding__hover=\u00bb|||\u00bb][et_pb_wc_breadcrumb _builder_version=\u00bb3.0.47&#8243;][\/et_pb_wc_breadcrumb][et_pb_wc_cart_notice _builder_version=\u00bb3.0.47&#8243;][\/et_pb_wc_cart_notice][\/et_pb_column][\/et_pb_row][et_pb_row column_structure=\u00bb1_2,1_2&#8243; _builder_version=\u00bb3.25&#8243; background_size=\u00bbinitial\u00bb background_position=\u00bbtop_left\u00bb background_repeat=\u00bbrepeat\u00bb width=\u00bb100%\u00bb custom_padding=\u00bb0px||||false|false\u00bb][et_pb_column type=\u00bb1_2&#8243; _builder_version=\u00bb3.25&#8243; custom_padding=\u00bb|||\u00bb custom_padding__hover=\u00bb|||\u00bb][et_pb_wc_images product=\u00bb3739&#8243; _builder_version=\u00bb4.7.4&#8243;][\/et_pb_wc_images][\/et_pb_column][et_pb_column type=\u00bb1_2&#8243; _builder_version=\u00bb3.25&#8243; custom_padding=\u00bb|||\u00bb custom_padding__hover=\u00bb|||\u00bb][et_pb_wc_title _builder_version=\u00bb4.7.4&#8243;][\/et_pb_wc_title][et_pb_wc_rating _builder_version=\u00bb3.0.47&#8243;][\/et_pb_wc_rating][et_pb_wc_price _builder_version=\u00bb3.0.47&#8243;][\/et_pb_wc_price][et_pb_wc_description _builder_version=\u00bb3.0.47&#8243;][\/et_pb_wc_description][et_pb_wc_add_to_cart _builder_version=\u00bb3.0.47&#8243;][\/et_pb_wc_add_to_cart][et_pb_wc_meta _builder_version=\u00bb3.0.47&#8243;][\/et_pb_wc_meta][\/et_pb_column][\/et_pb_row][et_pb_row _builder_version=\u00bb3.25&#8243; background_size=\u00bbinitial\u00bb background_position=\u00bbtop_left\u00bb background_repeat=\u00bbrepeat\u00bb width=\u00bb100%\u00bb][et_pb_column type=\u00bb4_4&#8243; _builder_version=\u00bb3.25&#8243; custom_padding=\u00bb|||\u00bb custom_padding__hover=\u00bb|||\u00bb][et_pb_wc_tabs _builder_version=\u00bb3.0.47&#8243;]\t\t\t\t\t[\/et_pb_wc_tabs][et_pb_wc_upsells _builder_version=\u00bb3.0.47&#8243;][\/et_pb_wc_upsells][et_pb_wc_related_products _builder_version=\u00bb3.0.47&#8243;][\/et_pb_wc_related_products][\/et_pb_column][\/et_pb_row][\/et_pb_section]<\/p>\n","protected":false},"excerpt":{"rendered":"<div>\n<div class=\"dwo3fsh8 g5ia77u1 rt8b4zig n8ej3o3l agehan2d sk4xxmp2 rq0escxv q9uorilb kvgmc6g5 cxmmr5t8 oygrvhab hcukyx3x jb3vyjys rz4wbd8a qt6c0cv9 a8nywdso l9j0dhe7 i1ao9s8h k4urcfbm\">\n<div class=\"j83agx80 cbu4d94t sj5x9vvc cxgpxx05\">\n<div class=\"rq0escxv l9j0dhe7 du4w35lb j83agx80 pfnyh3mw jifvfom9 ll8tlv6m owycx6da btwxx1t3 hv4rvrfc dati1w0a jb3vyjys b5q2rw42 lq239pai mysgfdmx hddg9phg\">\n<div class=\"rq0escxv l9j0dhe7 du4w35lb j83agx80 cbu4d94t g5gj957u d2edcug0 hpfvmrgz rj1gh0hx buofh1pr o8rfisnq p8fzw8mz pcp91wgn iuny7tx3 ipjc6fyt\">\n<div class=\"j83agx80 cbu4d94t ew0dbk1b irj2b8pg\">\n<div class=\"qzhwtbm6 knvmm38d\">\n<p>Direcci\u00f3n: Av. Edgar de la torre\u00a0 \u00a0Mza. \u00abB\u00bb Lote 9<\/p>\n<p>Contacto: Telf: 084-212921 &#8211;\u00a0 Cel: 972 251 191\u00a0 &#8211;\u00a0 985 001 200<\/p>\n<p>Correo: ludpico@gmail.com<\/p>\n<p>RUC: 20564098583<\/p>\n<p>Productos:<\/p>\n<\/div>\n<\/div>\n<\/div>\n<\/div>\n<\/div>\n<\/div>\n<\/div>\n<ul>\n<li>Pasta pura de cacao chuncho<\/li>\n<li>Caf\u00e9 Gourmet<\/li>\n<li>Miel de abeja<\/li>\n<li>Polimiel<\/li>\n<\/ul>\n<p>Historia<\/p>\n<p>Producido con el esfuerzo de los peque\u00f1os productores de caf\u00e9 Organico del Valle de La Convenci\u00f3n, conprometidos con la preservaci\u00f3n y cuidado del medio ambiente salvaguardando el equilibrio del ecosistema, cumpliendo con los estandares de calidad en todas las etapas del proceso productivo comercial.<\/p>\n<p>&nbsp;<\/p>\n<p><a href=\"https:\/\/api.whatsapp.com\/send?phone=51972 251 191\"><img loading=\"lazy\" decoding=\"async\" class=\"alignnone wp-image-948\" src=\"https:\/\/www.laconvencion.gob.pe\/comercio\/wp-content\/uploads\/2020\/12\/botonwhaasp1-1-295x300.png\" alt=\"\" width=\"70\" height=\"71\" srcset=\"https:\/\/www.laconvencion.gob.pe\/turismo\/wp-content\/uploads\/2020\/12\/botonwhaasp1-1-295x300.png 295w, https:\/\/www.laconvencion.gob.pe\/turismo\/wp-content\/uploads\/2020\/12\/botonwhaasp1-1-100x100.png 100w, https:\/\/www.laconvencion.gob.pe\/turismo\/wp-content\/uploads\/2020\/12\/botonwhaasp1-1-300x306.png 300w, https:\/\/www.laconvencion.gob.pe\/turismo\/wp-content\/uploads\/2020\/12\/botonwhaasp1-1-150x150.png 150w, https:\/\/www.laconvencion.gob.pe\/turismo\/wp-content\/uploads\/2020\/12\/botonwhaasp1-1-480x489.png 480w, https:\/\/www.laconvencion.gob.pe\/turismo\/wp-content\/uploads\/2020\/12\/botonwhaasp1-1.png 589w\" sizes=\"auto, (max-width: 70px) 100vw, 70px\" \/><\/a>\u00a0 \u00a0 \u00a0\u00a0 <a href=\"tel:+51972251191\"><img loading=\"lazy\" decoding=\"async\" class=\"alignnone wp-image-947\" src=\"https:\/\/www.laconvencion.gob.pe\/comercio\/wp-content\/uploads\/2020\/12\/botonLlamadas2-295x300.png\" alt=\"\" width=\"68\" height=\"68\" srcset=\"https:\/\/www.laconvencion.gob.pe\/turismo\/wp-content\/uploads\/2020\/12\/botonLlamadas2-295x300.png 295w, https:\/\/www.laconvencion.gob.pe\/turismo\/wp-content\/uploads\/2020\/12\/botonLlamadas2-100x100.png 100w, https:\/\/www.laconvencion.gob.pe\/turismo\/wp-content\/uploads\/2020\/12\/botonLlamadas2-300x306.png 300w, https:\/\/www.laconvencion.gob.pe\/turismo\/wp-content\/uploads\/2020\/12\/botonLlamadas2-150x150.png 150w, https:\/\/www.laconvencion.gob.pe\/turismo\/wp-content\/uploads\/2020\/12\/botonLlamadas2-480x489.png 480w, https:\/\/www.laconvencion.gob.pe\/turismo\/wp-content\/uploads\/2020\/12\/botonLlamadas2.png 589w\" sizes=\"auto, (max-width: 68px) 100vw, 68px\" \/><\/a>\u00a0 \u00a0 \u00a0 \u00a0 <a href=\"https:\/\/www.facebook.com\/Cafeteria-y-chocolateria-kampaq-104993581280374\"><img loading=\"lazy\" decoding=\"async\" class=\"alignnone wp-image-946\" src=\"https:\/\/www.laconvencion.gob.pe\/comercio\/wp-content\/uploads\/2020\/12\/botonfacebook1-295x300.png\" alt=\"\" width=\"65\" height=\"66\" srcset=\"https:\/\/www.laconvencion.gob.pe\/turismo\/wp-content\/uploads\/2020\/12\/botonfacebook1-295x300.png 295w, https:\/\/www.laconvencion.gob.pe\/turismo\/wp-content\/uploads\/2020\/12\/botonfacebook1-100x100.png 100w, https:\/\/www.laconvencion.gob.pe\/turismo\/wp-content\/uploads\/2020\/12\/botonfacebook1-300x306.png 300w, https:\/\/www.laconvencion.gob.pe\/turismo\/wp-content\/uploads\/2020\/12\/botonfacebook1-150x150.png 150w, https:\/\/www.laconvencion.gob.pe\/turismo\/wp-content\/uploads\/2020\/12\/botonfacebook1-480x489.png 480w, https:\/\/www.laconvencion.gob.pe\/turismo\/wp-content\/uploads\/2020\/12\/botonfacebook1.png 589w\" sizes=\"auto, (max-width: 65px) 100vw, 65px\" \/><\/a><\/p>\n","protected":false},"featured_media":3869,"comment_status":"open","ping_status":"closed","template":"","meta":{"_acf_changed":false,"_et_pb_use_builder":"on","_et_pb_old_content":"","_et_gb_content_width":""},"product_brand":[],"product_cat":[34],"product_tag":[],"class_list":{"0":"post-3875","1":"product","2":"type-product","3":"status-publish","4":"has-post-thumbnail","6":"product_cat-chocolate","8":"first","9":"instock","10":"shipping-taxable","11":"product-type-simple"},"acf":[],"_links":{"self":[{"href":"https:\/\/www.laconvencion.gob.pe\/turismo\/wp-json\/wp\/v2\/product\/3875","targetHints":{"allow":["GET"]}}],"collection":[{"href":"https:\/\/www.laconvencion.gob.pe\/turismo\/wp-json\/wp\/v2\/product"}],"about":[{"href":"https:\/\/www.laconvencion.gob.pe\/turismo\/wp-json\/wp\/v2\/types\/product"}],"replies":[{"embeddable":true,"href":"https:\/\/www.laconvencion.gob.pe\/turismo\/wp-json\/wp\/v2\/comments?post=3875"}],"wp:featuredmedia":[{"embeddable":true,"href":"https:\/\/www.laconvencion.gob.pe\/turismo\/wp-json\/wp\/v2\/media\/3869"}],"wp:attachment":[{"href":"https:\/\/www.laconvencion.gob.pe\/turismo\/wp-json\/wp\/v2\/media?parent=3875"}],"wp:term":[{"taxonomy":"product_brand","embeddable":true,"href":"https:\/\/www.laconvencion.gob.pe\/turismo\/wp-json\/wp\/v2\/product_brand?post=3875"},{"taxonomy":"product_cat","embeddable":true,"href":"https:\/\/www.laconvencion.gob.pe\/turismo\/wp-json\/wp\/v2\/product_cat?post=3875"},{"taxonomy":"product_tag","embeddable":true,"href":"https:\/\/www.laconvencion.gob.pe\/turismo\/wp-json\/wp\/v2\/product_tag?post=3875"}],"curies":[{"name":"wp","href":"https:\/\/api.w.org\/{rel}","templated":true}]}}