{"id":697,"date":"2020-12-08T15:33:20","date_gmt":"2020-12-08T15:33:20","guid":{"rendered":"https:\/\/www.laconvencion.gob.pe\/turismo\/?post_type=product&#038;p=697"},"modified":"2024-10-24T15:55:37","modified_gmt":"2024-10-24T15:55:37","slug":"misky-heladeria-pasteleria","status":"publish","type":"product","link":"https:\/\/www.laconvencion.gob.pe\/turismo\/producto\/misky-heladeria-pasteleria\/","title":{"rendered":"Misky Helader\u00eda &#038; Pasteler\u00eda"},"content":{"rendered":"","protected":false},"excerpt":{"rendered":"<p>Direcci\u00f3n: Av. San Martin N\u00b0 600, Jr. Sabas Sarazola G-12<\/p>\n<p>Reservas y deliverys : 959047424\/ 955763460 \/ 984763164<\/p>\n<p>Contacto: 959047424 \/ 955763460 \/ 984763164<\/p>\n<p>Correo: misky.gelateria.pasteleria@gmail.com<\/p>\n<p>Pagina web: <a href=\"https:\/\/misky-heladeria.negocio.site\/\">https:\/\/misky-heladeria.negocio.site\/<\/a><\/p>\n<p>Horario de atenci\u00f3n : lunes a domingo de 7:45am-22 pm<\/p>\n<p><a href=\"https:\/\/api.whatsapp.com\/send?phone=51956467119\"><img loading=\"lazy\" decoding=\"async\" class=\"alignnone wp-image-948\" src=\"https:\/\/www.laconvencion.gob.pe\/comercio\/wp-content\/uploads\/2020\/12\/botonwhaasp1-1-295x300.png\" alt=\"\" width=\"70\" height=\"71\" srcset=\"https:\/\/www.laconvencion.gob.pe\/turismo\/wp-content\/uploads\/2020\/12\/botonwhaasp1-1-295x300.png 295w, https:\/\/www.laconvencion.gob.pe\/turismo\/wp-content\/uploads\/2020\/12\/botonwhaasp1-1-100x100.png 100w, https:\/\/www.laconvencion.gob.pe\/turismo\/wp-content\/uploads\/2020\/12\/botonwhaasp1-1-300x306.png 300w, https:\/\/www.laconvencion.gob.pe\/turismo\/wp-content\/uploads\/2020\/12\/botonwhaasp1-1-150x150.png 150w, https:\/\/www.laconvencion.gob.pe\/turismo\/wp-content\/uploads\/2020\/12\/botonwhaasp1-1-480x489.png 480w, https:\/\/www.laconvencion.gob.pe\/turismo\/wp-content\/uploads\/2020\/12\/botonwhaasp1-1.png 589w\" sizes=\"auto, (max-width: 70px) 100vw, 70px\" \/><\/a>\u00a0 \u00a0 \u00a0 <a href=\"tel:+51959047424\"><img loading=\"lazy\" decoding=\"async\" class=\"alignnone wp-image-947\" src=\"https:\/\/www.laconvencion.gob.pe\/comercio\/wp-content\/uploads\/2020\/12\/botonLlamadas2-295x300.png\" alt=\"\" width=\"68\" height=\"68\" srcset=\"https:\/\/www.laconvencion.gob.pe\/turismo\/wp-content\/uploads\/2020\/12\/botonLlamadas2-295x300.png 295w, https:\/\/www.laconvencion.gob.pe\/turismo\/wp-content\/uploads\/2020\/12\/botonLlamadas2-100x100.png 100w, https:\/\/www.laconvencion.gob.pe\/turismo\/wp-content\/uploads\/2020\/12\/botonLlamadas2-300x306.png 300w, https:\/\/www.laconvencion.gob.pe\/turismo\/wp-content\/uploads\/2020\/12\/botonLlamadas2-150x150.png 150w, https:\/\/www.laconvencion.gob.pe\/turismo\/wp-content\/uploads\/2020\/12\/botonLlamadas2-480x489.png 480w, https:\/\/www.laconvencion.gob.pe\/turismo\/wp-content\/uploads\/2020\/12\/botonLlamadas2.png 589w\" sizes=\"auto, (max-width: 68px) 100vw, 68px\" \/><\/a><a href=\"tel:+51959047424\">\u00a0 \u00a0 <\/a><a href=\"https:\/\/www.facebook.com\/MiskyQuillabamba\">\u00a0 \u00a0 \u00a0<img loading=\"lazy\" decoding=\"async\" class=\"alignnone wp-image-946\" src=\"https:\/\/www.laconvencion.gob.pe\/comercio\/wp-content\/uploads\/2020\/12\/botonfacebook1-295x300.png\" alt=\"\" width=\"62\" height=\"63\" srcset=\"https:\/\/www.laconvencion.gob.pe\/turismo\/wp-content\/uploads\/2020\/12\/botonfacebook1-295x300.png 295w, https:\/\/www.laconvencion.gob.pe\/turismo\/wp-content\/uploads\/2020\/12\/botonfacebook1-100x100.png 100w, https:\/\/www.laconvencion.gob.pe\/turismo\/wp-content\/uploads\/2020\/12\/botonfacebook1-300x306.png 300w, https:\/\/www.laconvencion.gob.pe\/turismo\/wp-content\/uploads\/2020\/12\/botonfacebook1-150x150.png 150w, https:\/\/www.laconvencion.gob.pe\/turismo\/wp-content\/uploads\/2020\/12\/botonfacebook1-480x489.png 480w, https:\/\/www.laconvencion.gob.pe\/turismo\/wp-content\/uploads\/2020\/12\/botonfacebook1.png 589w\" sizes=\"auto, (max-width: 62px) 100vw, 62px\" \/> <\/a><\/p>\n","protected":false},"featured_media":3443,"comment_status":"open","ping_status":"closed","template":"","meta":{"_acf_changed":false,"_et_pb_use_builder":"","_et_pb_old_content":"","_et_gb_content_width":""},"product_brand":[],"product_cat":[22],"product_tag":[],"class_list":{"0":"post-697","1":"product","2":"type-product","3":"status-publish","4":"has-post-thumbnail","6":"product_cat-restaurante","8":"first","9":"instock","10":"shipping-taxable","11":"product-type-simple"},"acf":[],"_links":{"self":[{"href":"https:\/\/www.laconvencion.gob.pe\/turismo\/wp-json\/wp\/v2\/product\/697","targetHints":{"allow":["GET"]}}],"collection":[{"href":"https:\/\/www.laconvencion.gob.pe\/turismo\/wp-json\/wp\/v2\/product"}],"about":[{"href":"https:\/\/www.laconvencion.gob.pe\/turismo\/wp-json\/wp\/v2\/types\/product"}],"replies":[{"embeddable":true,"href":"https:\/\/www.laconvencion.gob.pe\/turismo\/wp-json\/wp\/v2\/comments?post=697"}],"wp:featuredmedia":[{"embeddable":true,"href":"https:\/\/www.laconvencion.gob.pe\/turismo\/wp-json\/wp\/v2\/media\/3443"}],"wp:attachment":[{"href":"https:\/\/www.laconvencion.gob.pe\/turismo\/wp-json\/wp\/v2\/media?parent=697"}],"wp:term":[{"taxonomy":"product_brand","embeddable":true,"href":"https:\/\/www.laconvencion.gob.pe\/turismo\/wp-json\/wp\/v2\/product_brand?post=697"},{"taxonomy":"product_cat","embeddable":true,"href":"https:\/\/www.laconvencion.gob.pe\/turismo\/wp-json\/wp\/v2\/product_cat?post=697"},{"taxonomy":"product_tag","embeddable":true,"href":"https:\/\/www.laconvencion.gob.pe\/turismo\/wp-json\/wp\/v2\/product_tag?post=697"}],"curies":[{"name":"wp","href":"https:\/\/api.w.org\/{rel}","templated":true}]}}